{"id":328,"date":"2026-02-20T16:29:13","date_gmt":"2026-02-20T15:29:13","guid":{"rendered":"https:\/\/luxeintegration.com\/?page_id=328"},"modified":"2026-02-27T15:22:57","modified_gmt":"2026-02-27T14:22:57","slug":"contact","status":"publish","type":"page","link":"https:\/\/luxeintegration.com\/index.php\/contact\/","title":{"rendered":"CONTACT"},"content":{"rendered":"\n<div class=\"wp-block-group alignfull has-global-padding is-layout-constrained wp-container-core-group-is-layout-5641adb6 wp-block-group-is-layout-constrained\" style=\"margin-top:0;margin-bottom:0;padding-top:var(--wp--preset--spacing--superbspacing-large);padding-right:var(--wp--preset--spacing--superbspacing-small);padding-bottom:var(--wp--preset--spacing--superbspacing-xlarge);padding-left:var(--wp--preset--spacing--superbspacing-small)\">\n<div class=\"wp-block-group alignwide has-global-padding is-layout-constrained wp-container-core-group-is-layout-e52907a5 wp-block-group-is-layout-constrained\">\n<h3 class=\"wp-block-heading has-text-align-center has-primary-color has-text-color has-superbfont-small-font-size\">Showroom Parisien<\/h3>\n\n\n\n<h2 class=\"wp-block-heading has-text-align-center has-contrast-color has-text-color has-superbfont-xlarge-font-size\">Nous d\u00e9couvrir<\/h2>\n\n\n\n<p class=\"has-text-align-center has-mono-2-color has-text-color has-superbfont-small-font-size\">Venez voir notre travail dans notre showroom \u00e0 la Place de la R\u00e9publique \u00e0 Paris 11\u00e8me.<\/p>\n<\/div>\n\n\n\n<figure data-wp-context=\"{&quot;imageId&quot;:&quot;69e140c3a25ff&quot;}\" data-wp-interactive=\"core\/image\" data-wp-key=\"69e140c3a25ff\" class=\"wp-block-image aligncenter size-large is-resized is-style-rounded is-style-rounded--1 wp-lightbox-container\"><img loading=\"lazy\" decoding=\"async\" width=\"1024\" height=\"414\" data-wp-class--hide=\"state.isContentHidden\" data-wp-class--show=\"state.isContentVisible\" data-wp-init=\"callbacks.setButtonStyles\" data-wp-on--click=\"actions.showLightbox\" data-wp-on--load=\"callbacks.setButtonStyles\" data-wp-on-window--resize=\"callbacks.setButtonStyles\" src=\"https:\/\/luxeintegration.com\/wp-content\/uploads\/2026\/02\/Capture-decran-2026-02-27-a-3.10.54-PM-1024x414.png\" alt=\"\" class=\"wp-image-374\" style=\"width:1120px;height:auto\" srcset=\"https:\/\/luxeintegration.com\/wp-content\/uploads\/2026\/02\/Capture-decran-2026-02-27-a-3.10.54-PM-1024x414.png 1024w, https:\/\/luxeintegration.com\/wp-content\/uploads\/2026\/02\/Capture-decran-2026-02-27-a-3.10.54-PM-300x121.png 300w, https:\/\/luxeintegration.com\/wp-content\/uploads\/2026\/02\/Capture-decran-2026-02-27-a-3.10.54-PM-768x311.png 768w, https:\/\/luxeintegration.com\/wp-content\/uploads\/2026\/02\/Capture-decran-2026-02-27-a-3.10.54-PM-1536x622.png 1536w, https:\/\/luxeintegration.com\/wp-content\/uploads\/2026\/02\/Capture-decran-2026-02-27-a-3.10.54-PM-2048x829.png 2048w\" sizes=\"auto, (max-width: 1024px) 100vw, 1024px\" \/><button\n\t\t\tclass=\"lightbox-trigger\"\n\t\t\ttype=\"button\"\n\t\t\taria-haspopup=\"dialog\"\n\t\t\taria-label=\"Agrandir\"\n\t\t\tdata-wp-init=\"callbacks.initTriggerButton\"\n\t\t\tdata-wp-on--click=\"actions.showLightbox\"\n\t\t\tdata-wp-style--right=\"state.imageButtonRight\"\n\t\t\tdata-wp-style--top=\"state.imageButtonTop\"\n\t\t>\n\t\t\t<svg xmlns=\"http:\/\/www.w3.org\/2000\/svg\" width=\"12\" height=\"12\" fill=\"none\" viewBox=\"0 0 12 12\">\n\t\t\t\t<path fill=\"#fff\" d=\"M2 0a2 2 0 0 0-2 2v2h1.5V2a.5.5 0 0 1 .5-.5h2V0H2Zm2 10.5H2a.5.5 0 0 1-.5-.5V8H0v2a2 2 0 0 0 2 2h2v-1.5ZM8 12v-1.5h2a.5.5 0 0 0 .5-.5V8H12v2a2 2 0 0 1-2 2H8Zm2-12a2 2 0 0 1 2 2v2h-1.5V2a.5.5 0 0 0-.5-.5H8V0h2Z\" \/>\n\t\t\t<\/svg>\n\t\t<\/button><\/figure>\n<\/div>\n\n\n\n<div class=\"wp-block-group alignfull has-global-padding is-layout-constrained wp-container-core-group-is-layout-00ef86d8 wp-block-group-is-layout-constrained\" style=\"margin-bottom:var(--wp--preset--spacing--superbspacing-medium);padding-top:var(--wp--preset--spacing--superbspacing-medium);padding-right:var(--wp--preset--spacing--superbspacing-small);padding-bottom:var(--wp--preset--spacing--superbspacing-medium);padding-left:var(--wp--preset--spacing--superbspacing-small)\">\n<div class=\"wp-block-group alignwide has-primary-background-color has-background is-vertical is-content-justification-center is-layout-flex wp-container-core-group-is-layout-7552e2eb wp-block-group-is-layout-flex\" style=\"border-radius:20px;padding-top:var(--wp--preset--spacing--superbspacing-xlarge);padding-right:var(--wp--preset--spacing--superbspacing-small);padding-bottom:var(--wp--preset--spacing--superbspacing-xlarge);padding-left:var(--wp--preset--spacing--superbspacing-small)\">\n<div class=\"wp-block-group has-global-padding is-content-justification-center is-layout-constrained wp-container-core-group-is-layout-e4feb9eb wp-block-group-is-layout-constrained\">\n<h2 class=\"wp-block-heading has-text-align-center has-contrast-light-color has-text-color has-superbfont-xlarge-font-size\">Nous contacter<\/h2>\n\n\n\n<p class=\"has-text-align-center has-contrast-light-color has-text-color has-superbfont-medium-font-size\"><strong>Un projet ?<\/strong><br>\u00c9crivez-nous et nous organiserons un \u00e9change par t\u00e9l\u00e9phone, sur site ou au sein de notre showroom, afin de vous proposer une exp\u00e9rience immersive et personnalis\u00e9e.<\/p>\n<\/div>\n\n\n\n<div class=\"wp-block-buttons wp-container-content-9cfa9a5a is-content-justification-center is-nowrap is-layout-flex wp-container-core-buttons-is-layout-507dae32 wp-block-buttons-is-layout-flex\">\n<div class=\"wp-block-button is-style-outline is-style-outline--2\"><a class=\"wp-block-button__link has-contrast-light-color has-text-color has-link-color has-superbfont-small-font-size has-custom-font-size wp-element-button\" href=\"mailto:contact@luxeintegration.com\">email<\/a><\/div>\n<\/div>\n<\/div>\n<\/div>\n","protected":false},"excerpt":{"rendered":"<p>Showroom Parisien Nous d\u00e9couvrir Venez voir notre travail dans notre showroom \u00e0 la Place de la R\u00e9publique \u00e0 Paris 11\u00e8me. Nous contacter Un projet ?\u00c9crivez-nous et nous organiserons un \u00e9change par t\u00e9l\u00e9phone, sur site ou au sein de notre showroom, afin de vous proposer une exp\u00e9rience immersive et personnalis\u00e9e.<\/p>\n","protected":false},"author":1,"featured_media":0,"parent":0,"menu_order":0,"comment_status":"closed","ping_status":"closed","template":"","meta":{"footnotes":""},"class_list":["post-328","page","type-page","status-publish","hentry"],"_links":{"self":[{"href":"https:\/\/luxeintegration.com\/index.php\/wp-json\/wp\/v2\/pages\/328","targetHints":{"allow":["GET"]}}],"collection":[{"href":"https:\/\/luxeintegration.com\/index.php\/wp-json\/wp\/v2\/pages"}],"about":[{"href":"https:\/\/luxeintegration.com\/index.php\/wp-json\/wp\/v2\/types\/page"}],"author":[{"embeddable":true,"href":"https:\/\/luxeintegration.com\/index.php\/wp-json\/wp\/v2\/users\/1"}],"replies":[{"embeddable":true,"href":"https:\/\/luxeintegration.com\/index.php\/wp-json\/wp\/v2\/comments?post=328"}],"version-history":[{"count":3,"href":"https:\/\/luxeintegration.com\/index.php\/wp-json\/wp\/v2\/pages\/328\/revisions"}],"predecessor-version":[{"id":376,"href":"https:\/\/luxeintegration.com\/index.php\/wp-json\/wp\/v2\/pages\/328\/revisions\/376"}],"wp:attachment":[{"href":"https:\/\/luxeintegration.com\/index.php\/wp-json\/wp\/v2\/media?parent=328"}],"curies":[{"name":"wp","href":"https:\/\/api.w.org\/{rel}","templated":true}]}}