{"id":324,"date":"2026-02-20T16:29:23","date_gmt":"2026-02-20T15:29:23","guid":{"rendered":"https:\/\/luxeintegration.com\/?page_id=324"},"modified":"2026-02-27T16:52:34","modified_gmt":"2026-02-27T15:52:34","slug":"ou","status":"publish","type":"page","link":"https:\/\/luxeintegration.com\/index.php\/ou\/","title":{"rendered":"O\u00d9 ?"},"content":{"rendered":"\n<div class=\"wp-block-group alignfull has-global-padding is-layout-constrained wp-container-core-group-is-layout-16efdcac wp-block-group-is-layout-constrained\" style=\"margin-top:0;margin-bottom:0;padding-top:var(--wp--preset--spacing--superbspacing-small);padding-right:var(--wp--preset--spacing--superbspacing-small);padding-bottom:var(--wp--preset--spacing--superbspacing-small);padding-left:var(--wp--preset--spacing--superbspacing-small)\">\n<div class=\"wp-block-group alignwide is-vertical is-content-justification-center is-layout-flex wp-container-core-group-is-layout-4c120eef wp-block-group-is-layout-flex\">\n<h3 class=\"wp-block-heading has-text-align-left has-primary-color has-text-color has-superbfont-small-font-size\">Partout en France et ailleurs<\/h3>\n\n\n\n<h2 class=\"wp-block-heading has-text-align-center has-contrast-color has-text-color has-superbfont-xlarge-font-size\">Lieux d\u2019exception<\/h2>\n\n\n\n<p class=\"has-text-align-center has-secondary-color has-text-color has-superbfont-small-font-size\">Nous op\u00e9rons dans des environnements d\u2019exception, o\u00f9 chaque projet exige une int\u00e9gration sur mesure, parfaitement adapt\u00e9e \u00e0 son architecture et \u00e0 son cadre.<\/p>\n<\/div>\n\n\n\n<div class=\"wp-block-group has-global-padding is-layout-constrained wp-block-group-is-layout-constrained\" style=\"margin-bottom:var(--wp--preset--spacing--superbspacing-large)\">\n<figure class=\"wp-block-image aligncenter is-style-rounded wp-duotone-grayscale is-style-rounded--1\"><img loading=\"lazy\" decoding=\"async\" width=\"1153\" height=\"768\" src=\"https:\/\/luxeintegration.com\/wp-content\/uploads\/2026\/02\/Gemini_Generated_Image_jgzp93jgzp93jgzp-edited.png\" alt=\"\" class=\"wp-image-388\" srcset=\"https:\/\/luxeintegration.com\/wp-content\/uploads\/2026\/02\/Gemini_Generated_Image_jgzp93jgzp93jgzp-edited.png 1153w, https:\/\/luxeintegration.com\/wp-content\/uploads\/2026\/02\/Gemini_Generated_Image_jgzp93jgzp93jgzp-edited-300x200.png 300w, https:\/\/luxeintegration.com\/wp-content\/uploads\/2026\/02\/Gemini_Generated_Image_jgzp93jgzp93jgzp-edited-1024x682.png 1024w, https:\/\/luxeintegration.com\/wp-content\/uploads\/2026\/02\/Gemini_Generated_Image_jgzp93jgzp93jgzp-edited-768x512.png 768w\" sizes=\"auto, (max-width: 1153px) 100vw, 1153px\" \/><\/figure>\n\n\n\n<div class=\"wp-block-group has-global-padding is-layout-constrained wp-container-core-group-is-layout-d598ad9d wp-block-group-is-layout-constrained\">\n<h3 class=\"wp-block-heading has-text-align-center has-contrast-color has-text-color has-superbfont-small-font-size\">Paris<\/h3>\n\n\n\n<p class=\"has-text-align-center has-secondary-color has-text-color has-superbfont-xsmall-font-size\">Exigence et discr\u00e9tion au c\u0153ur de la capitale.<\/p>\n<\/div>\n<\/div>\n\n\n\n<div class=\"wp-block-group has-global-padding is-layout-constrained wp-block-group-is-layout-constrained\" style=\"margin-bottom:var(--wp--preset--spacing--superbspacing-large)\">\n<figure class=\"wp-block-image aligncenter is-style-rounded wp-duotone-grayscale is-style-rounded--2\"><img loading=\"lazy\" decoding=\"async\" width=\"1153\" height=\"768\" src=\"https:\/\/luxeintegration.com\/wp-content\/uploads\/2026\/02\/Gemini_Generated_Image_uw8j7auw8j7auw8j-edited.png\" alt=\"\" class=\"wp-image-387\" srcset=\"https:\/\/luxeintegration.com\/wp-content\/uploads\/2026\/02\/Gemini_Generated_Image_uw8j7auw8j7auw8j-edited.png 1153w, https:\/\/luxeintegration.com\/wp-content\/uploads\/2026\/02\/Gemini_Generated_Image_uw8j7auw8j7auw8j-edited-300x200.png 300w, https:\/\/luxeintegration.com\/wp-content\/uploads\/2026\/02\/Gemini_Generated_Image_uw8j7auw8j7auw8j-edited-1024x682.png 1024w, https:\/\/luxeintegration.com\/wp-content\/uploads\/2026\/02\/Gemini_Generated_Image_uw8j7auw8j7auw8j-edited-768x512.png 768w\" sizes=\"auto, (max-width: 1153px) 100vw, 1153px\" \/><\/figure>\n\n\n\n<div class=\"wp-block-group has-global-padding is-layout-constrained wp-container-core-group-is-layout-d598ad9d wp-block-group-is-layout-constrained\">\n<h3 class=\"wp-block-heading has-text-align-center has-contrast-color has-text-color has-superbfont-small-font-size\">C\u00f4te d&rsquo;Azur<\/h3>\n\n\n\n<p class=\"has-text-align-center has-secondary-color has-text-color has-superbfont-xsmall-font-size\">Technologie d\u2019exception face \u00e0 la M\u00e9diterran\u00e9e.<\/p>\n<\/div>\n<\/div>\n\n\n\n<div class=\"wp-block-group has-global-padding is-layout-constrained wp-block-group-is-layout-constrained\" style=\"margin-bottom:var(--wp--preset--spacing--superbspacing-large)\">\n<figure class=\"wp-block-image aligncenter size-large is-style-rounded wp-duotone-grayscale is-style-rounded--3\"><img loading=\"lazy\" decoding=\"async\" width=\"1153\" height=\"768\" src=\"https:\/\/luxeintegration.com\/wp-content\/uploads\/2026\/02\/Gemini_Generated_Image_wtcizxwtcizxwtci-1-edited.png\" alt=\"\" class=\"wp-image-386\" srcset=\"https:\/\/luxeintegration.com\/wp-content\/uploads\/2026\/02\/Gemini_Generated_Image_wtcizxwtcizxwtci-1-edited.png 1153w, https:\/\/luxeintegration.com\/wp-content\/uploads\/2026\/02\/Gemini_Generated_Image_wtcizxwtcizxwtci-1-edited-300x200.png 300w, https:\/\/luxeintegration.com\/wp-content\/uploads\/2026\/02\/Gemini_Generated_Image_wtcizxwtcizxwtci-1-edited-1024x682.png 1024w, https:\/\/luxeintegration.com\/wp-content\/uploads\/2026\/02\/Gemini_Generated_Image_wtcizxwtcizxwtci-1-edited-768x512.png 768w\" sizes=\"auto, (max-width: 1153px) 100vw, 1153px\" \/><\/figure>\n\n\n\n<div class=\"wp-block-group has-global-padding is-layout-constrained wp-container-core-group-is-layout-d598ad9d wp-block-group-is-layout-constrained\">\n<h3 class=\"wp-block-heading has-text-align-center has-contrast-color has-text-color has-superbfont-small-font-size\">Normandie<\/h3>\n\n\n\n<p class=\"has-text-align-center has-secondary-color has-text-color has-superbfont-xsmall-font-size\">\u00c9l\u00e9gance int\u00e9gr\u00e9e dans des demeures de caract\u00e8re.<\/p>\n<\/div>\n<\/div>\n\n\n\n<div class=\"wp-block-group has-global-padding is-layout-constrained wp-block-group-is-layout-constrained\" style=\"margin-bottom:var(--wp--preset--spacing--superbspacing-large)\">\n<figure class=\"wp-block-image aligncenter is-style-rounded wp-duotone-grayscale is-style-rounded--4\"><img loading=\"lazy\" decoding=\"async\" width=\"1153\" height=\"768\" src=\"https:\/\/luxeintegration.com\/wp-content\/uploads\/2026\/02\/Gemini_Generated_Image_12olx512olx512ol-edited.png\" alt=\"\" class=\"wp-image-384\" srcset=\"https:\/\/luxeintegration.com\/wp-content\/uploads\/2026\/02\/Gemini_Generated_Image_12olx512olx512ol-edited.png 1153w, https:\/\/luxeintegration.com\/wp-content\/uploads\/2026\/02\/Gemini_Generated_Image_12olx512olx512ol-edited-300x200.png 300w, https:\/\/luxeintegration.com\/wp-content\/uploads\/2026\/02\/Gemini_Generated_Image_12olx512olx512ol-edited-1024x682.png 1024w, https:\/\/luxeintegration.com\/wp-content\/uploads\/2026\/02\/Gemini_Generated_Image_12olx512olx512ol-edited-768x512.png 768w\" sizes=\"auto, (max-width: 1153px) 100vw, 1153px\" \/><\/figure>\n\n\n\n<div class=\"wp-block-group has-global-padding is-layout-constrained wp-container-core-group-is-layout-d598ad9d wp-block-group-is-layout-constrained\">\n<h3 class=\"wp-block-heading has-text-align-center has-contrast-color has-text-color has-superbfont-small-font-size\">Alpes<\/h3>\n\n\n\n<p class=\"has-text-align-center has-secondary-color has-text-color has-superbfont-xsmall-font-size\">Ma\u00eetrise technologique en altitude.<\/p>\n<\/div>\n<\/div>\n\n\n\n<div class=\"wp-block-group has-global-padding is-layout-constrained wp-block-group-is-layout-constrained\" style=\"margin-bottom:var(--wp--preset--spacing--superbspacing-large)\">\n<figure class=\"wp-block-image aligncenter is-style-rounded wp-duotone-grayscale is-style-rounded--5\"><img loading=\"lazy\" decoding=\"async\" width=\"1153\" height=\"768\" src=\"https:\/\/luxeintegration.com\/wp-content\/uploads\/2026\/02\/Gemini_Generated_Image_ukao1qukao1qukao-edited.png\" alt=\"\" class=\"wp-image-383\" srcset=\"https:\/\/luxeintegration.com\/wp-content\/uploads\/2026\/02\/Gemini_Generated_Image_ukao1qukao1qukao-edited.png 1153w, https:\/\/luxeintegration.com\/wp-content\/uploads\/2026\/02\/Gemini_Generated_Image_ukao1qukao1qukao-edited-300x200.png 300w, https:\/\/luxeintegration.com\/wp-content\/uploads\/2026\/02\/Gemini_Generated_Image_ukao1qukao1qukao-edited-1024x682.png 1024w, https:\/\/luxeintegration.com\/wp-content\/uploads\/2026\/02\/Gemini_Generated_Image_ukao1qukao1qukao-edited-768x512.png 768w\" sizes=\"auto, (max-width: 1153px) 100vw, 1153px\" \/><\/figure>\n\n\n\n<div class=\"wp-block-group has-global-padding is-layout-constrained wp-container-core-group-is-layout-d598ad9d wp-block-group-is-layout-constrained\">\n<h3 class=\"wp-block-heading has-text-align-center has-contrast-color has-text-color has-superbfont-small-font-size\">Maroc<\/h3>\n\n\n\n<p class=\"has-text-align-center has-secondary-color has-text-color has-superbfont-xsmall-font-size\">Innovation et raffinement pour lieux d\u2019exception.<\/p>\n<\/div>\n<\/div>\n<\/div>\n","protected":false},"excerpt":{"rendered":"<p>Partout en France et ailleurs Lieux d\u2019exception Nous op\u00e9rons dans des environnements d\u2019exception, o\u00f9 chaque projet exige une int\u00e9gration sur mesure, parfaitement adapt\u00e9e \u00e0 son architecture et \u00e0 son cadre. Paris Exigence et discr\u00e9tion au c\u0153ur de la capitale. C\u00f4te d&rsquo;Azur Technologie d\u2019exception face \u00e0 la M\u00e9diterran\u00e9e. Normandie \u00c9l\u00e9gance int\u00e9gr\u00e9e dans des demeures de caract\u00e8re. [&hellip;]<\/p>\n","protected":false},"author":1,"featured_media":0,"parent":0,"menu_order":0,"comment_status":"closed","ping_status":"closed","template":"","meta":{"footnotes":""},"class_list":["post-324","page","type-page","status-publish","hentry"],"_links":{"self":[{"href":"https:\/\/luxeintegration.com\/index.php\/wp-json\/wp\/v2\/pages\/324","targetHints":{"allow":["GET"]}}],"collection":[{"href":"https:\/\/luxeintegration.com\/index.php\/wp-json\/wp\/v2\/pages"}],"about":[{"href":"https:\/\/luxeintegration.com\/index.php\/wp-json\/wp\/v2\/types\/page"}],"author":[{"embeddable":true,"href":"https:\/\/luxeintegration.com\/index.php\/wp-json\/wp\/v2\/users\/1"}],"replies":[{"embeddable":true,"href":"https:\/\/luxeintegration.com\/index.php\/wp-json\/wp\/v2\/comments?post=324"}],"version-history":[{"count":4,"href":"https:\/\/luxeintegration.com\/index.php\/wp-json\/wp\/v2\/pages\/324\/revisions"}],"predecessor-version":[{"id":407,"href":"https:\/\/luxeintegration.com\/index.php\/wp-json\/wp\/v2\/pages\/324\/revisions\/407"}],"wp:attachment":[{"href":"https:\/\/luxeintegration.com\/index.php\/wp-json\/wp\/v2\/media?parent=324"}],"curies":[{"name":"wp","href":"https:\/\/api.w.org\/{rel}","templated":true}]}}