{"id":323,"date":"2026-02-20T16:29:33","date_gmt":"2026-02-20T15:29:33","guid":{"rendered":"https:\/\/luxeintegration.com\/?page_id=323"},"modified":"2026-02-27T16:58:43","modified_gmt":"2026-02-27T15:58:43","slug":"quoi","status":"publish","type":"page","link":"https:\/\/luxeintegration.com\/index.php\/quoi\/","title":{"rendered":"QUOI ?"},"content":{"rendered":"\n<div class=\"wp-block-group alignfull column-parent-border-radius has-global-padding is-layout-constrained wp-container-core-group-is-layout-4ac41a70 wp-block-group-is-layout-constrained\" style=\"margin-top:0;margin-bottom:0;padding-top:var(--wp--preset--spacing--superbspacing-xlarge);padding-right:var(--wp--preset--spacing--superbspacing-small);padding-bottom:var(--wp--preset--spacing--superbspacing-small);padding-left:var(--wp--preset--spacing--superbspacing-small)\">\n<div class=\"wp-block-group alignwide has-global-padding is-layout-constrained wp-container-core-group-is-layout-aaf5fa99 wp-block-group-is-layout-constrained\">\n<h3 class=\"wp-block-heading has-text-align-center has-primary-color has-text-color has-superbfont-small-font-size\">Notre savoir-faire<\/h3>\n\n\n\n<h2 class=\"wp-block-heading has-text-align-center has-contrast-color has-text-color has-superbfont-xlarge-font-size\">\u00c9l\u00e9gance in\u00e9gal\u00e9e<\/h2>\n\n\n\n<p class=\"has-text-align-center has-mono-2-color has-text-color has-superbfont-small-font-size\">Luxe Int\u00e9gration accompagne depuis plus de cinq ans des architectes d\u2019excellence en r\u00e9alisant des installations \u00e0 l\u2019\u00e9l\u00e9gance in\u00e9gal\u00e9e. Au service de l\u2019innovation, o\u00f9 la technologie \u00e9pouse le design.<\/p>\n<\/div>\n\n\n\n<div class=\"wp-block-group has-global-padding is-layout-constrained wp-container-core-group-is-layout-92ef7b19 wp-block-group-is-layout-constrained\">\n<div class=\"wp-block-group has-mono-4-background-color has-background has-global-padding is-layout-constrained wp-container-core-group-is-layout-fd644edd wp-block-group-is-layout-constrained\" style=\"margin-top:var(--wp--preset--spacing--superbspacing-small);margin-bottom:var(--wp--preset--spacing--superbspacing-small);padding-top:var(--wp--preset--spacing--superbspacing-small);padding-right:var(--wp--preset--spacing--superbspacing-medium);padding-bottom:var(--wp--preset--spacing--superbspacing-small);padding-left:var(--wp--preset--spacing--superbspacing-medium)\">\n<figure class=\"wp-block-image size-full is-resized wp-duotone-dark-grayscale\"><img loading=\"lazy\" decoding=\"async\" width=\"485\" height=\"481\" src=\"https:\/\/luxeintegration.com\/wp-content\/uploads\/2026\/02\/grggr.png\" alt=\"\" class=\"wp-image-349\" style=\"aspect-ratio:1.0083601286173633;object-fit:cover;width:72px;height:auto\" srcset=\"https:\/\/luxeintegration.com\/wp-content\/uploads\/2026\/02\/grggr.png 485w, https:\/\/luxeintegration.com\/wp-content\/uploads\/2026\/02\/grggr-300x298.png 300w, https:\/\/luxeintegration.com\/wp-content\/uploads\/2026\/02\/grggr-150x150.png 150w\" sizes=\"auto, (max-width: 485px) 100vw, 485px\" \/><\/figure>\n\n\n\n<h3 class=\"wp-block-heading has-text-align-left has-mono-1-color has-text-color has-link-color has-superbfont-medium-font-size wp-elements-cb72a83e1c52880fe5fa694076d387a9\" style=\"margin-top:0;margin-bottom:0\">Domotique<\/h3>\n\n\n\n<p class=\"has-text-align-left has-mono-2-color has-text-color has-superbfont-xsmall-font-size\" style=\"margin-top:var(--wp--preset--spacing--superbspacing-xxsmall);margin-bottom:0\">Nous orchestrons l\u2019habitat pour qu\u2019il anticipe vos usages, s\u2019adapte \u00e0 vos rythmes et s\u2019efface derri\u00e8re l\u2019exp\u00e9rience.<br>Lumi\u00e8re, confort thermique, occultations, s\u00e9curit\u00e9 et multim\u00e9dia dialoguent en parfaite harmonie au sein d\u2019une architecture unifi\u00e9e.<\/p>\n\n\n\n<p class=\"has-text-align-left has-mono-2-color has-text-color has-superbfont-xsmall-font-size\" style=\"margin-top:var(--wp--preset--spacing--superbspacing-xxsmall);margin-bottom:0\">Chaque sc\u00e9nario est con\u00e7u sur mesure, chaque interaction pens\u00e9e pour \u00eatre fluide, intuitive et naturelle.<br>La technologie dispara\u00eet. Ne subsistent que la ma\u00eetrise, l\u2019\u00e9l\u00e9gance et l\u2019\u00e9vidence.<\/p>\n<\/div>\n<\/div>\n\n\n\n<div class=\"wp-block-group has-global-padding is-layout-constrained wp-container-core-group-is-layout-92ef7b19 wp-block-group-is-layout-constrained\">\n<div class=\"wp-block-group has-mono-4-background-color has-background has-global-padding is-layout-constrained wp-container-core-group-is-layout-fd644edd wp-block-group-is-layout-constrained\" style=\"margin-top:var(--wp--preset--spacing--superbspacing-small);margin-bottom:var(--wp--preset--spacing--superbspacing-small);padding-top:var(--wp--preset--spacing--superbspacing-small);padding-right:var(--wp--preset--spacing--superbspacing-medium);padding-bottom:var(--wp--preset--spacing--superbspacing-small);padding-left:var(--wp--preset--spacing--superbspacing-medium)\">\n<figure class=\"wp-block-image size-full is-resized wp-duotone-dark-grayscale\"><img loading=\"lazy\" decoding=\"async\" width=\"522\" height=\"430\" src=\"https:\/\/luxeintegration.com\/wp-content\/uploads\/2026\/02\/zfzrfzfz.png\" alt=\"\" class=\"wp-image-351\" style=\"aspect-ratio:1.214020618556701;object-fit:cover;width:72px;height:auto\" srcset=\"https:\/\/luxeintegration.com\/wp-content\/uploads\/2026\/02\/zfzrfzfz.png 522w, https:\/\/luxeintegration.com\/wp-content\/uploads\/2026\/02\/zfzrfzfz-300x247.png 300w\" sizes=\"auto, (max-width: 522px) 100vw, 522px\" \/><\/figure>\n\n\n\n<h3 class=\"wp-block-heading has-text-align-left has-mono-1-color has-text-color has-link-color has-superbfont-medium-font-size wp-elements-c9e5abe81a1a3501282fd2b9ed13d751\" style=\"margin-top:0;margin-bottom:0\">Audio-vid\u00e9o<\/h3>\n\n\n\n<p class=\"has-text-align-left has-mono-2-color has-text-color has-superbfont-xsmall-font-size\" style=\"margin-top:var(--wp--preset--spacing--superbspacing-xxsmall);margin-bottom:0\">Chaque image est calibr\u00e9e.<br>Chaque son est sculpt\u00e9.<\/p>\n\n\n\n<p class=\"has-text-align-left has-mono-2-color has-text-color has-superbfont-xsmall-font-size\" style=\"margin-top:var(--wp--preset--spacing--superbspacing-xxsmall);margin-bottom:0\">Nous concevons des environnements audiovisuels o\u00f9 pr\u00e9cision, dynamique et fid\u00e9lit\u00e9 s\u2019expriment sans compromis.<br>Int\u00e9gration invisible, acoustique ma\u00eetris\u00e9e, diffusion multiroom ou espaces d\u00e9di\u00e9s : la performance technique se met au service de l\u2019\u00e9motion pure.<\/p>\n<\/div>\n<\/div>\n\n\n\n<div class=\"wp-block-group has-global-padding is-layout-constrained wp-container-core-group-is-layout-92ef7b19 wp-block-group-is-layout-constrained\">\n<div class=\"wp-block-group has-mono-4-background-color has-background has-global-padding is-layout-constrained wp-container-core-group-is-layout-fd644edd wp-block-group-is-layout-constrained\" style=\"margin-top:var(--wp--preset--spacing--superbspacing-small);margin-bottom:var(--wp--preset--spacing--superbspacing-small);padding-top:var(--wp--preset--spacing--superbspacing-small);padding-right:var(--wp--preset--spacing--superbspacing-medium);padding-bottom:var(--wp--preset--spacing--superbspacing-small);padding-left:var(--wp--preset--spacing--superbspacing-medium)\">\n<figure class=\"wp-block-image size-full is-resized wp-duotone-dark-grayscale\"><img loading=\"lazy\" decoding=\"async\" width=\"180\" height=\"226\" src=\"https:\/\/luxeintegration.com\/wp-content\/uploads\/2026\/02\/zefzef.png\" alt=\"\" class=\"wp-image-350\" style=\"aspect-ratio:0.7964968886840286;object-fit:cover;width:57px;height:auto\"\/><\/figure>\n\n\n\n<h3 class=\"wp-block-heading has-text-align-left has-mono-1-color has-text-color has-link-color has-superbfont-medium-font-size wp-elements-f367274df99993cdf615e0914b26b550\" style=\"margin-top:0;margin-bottom:0\">S\u00e9curit\u00e9<\/h3>\n\n\n\n<p class=\"has-text-align-left has-mono-2-color has-text-color has-superbfont-xsmall-font-size\" style=\"margin-top:var(--wp--preset--spacing--superbspacing-xxsmall);margin-bottom:0\">Protection p\u00e9rim\u00e9trique, surveillance intelligente, contr\u00f4le d\u2019acc\u00e8s avanc\u00e9.<\/p>\n\n\n\n<p class=\"has-text-align-left has-mono-2-color has-text-color has-superbfont-xsmall-font-size\" style=\"margin-top:var(--wp--preset--spacing--superbspacing-xxsmall);margin-bottom:0\">Nous d\u00e9veloppons des syst\u00e8mes de s\u00e9curit\u00e9 globaux, discrets et parfaitement int\u00e9gr\u00e9s \u00e0 l\u2019architecture.<br>Analyse intelligente, supervision \u00e0 distance, fiabilit\u00e9 absolue : nos solutions veillent en permanence, sans jamais perturber votre quotidien.<\/p>\n<\/div>\n<\/div>\n\n\n\n<div class=\"wp-block-group has-global-padding is-layout-constrained wp-container-core-group-is-layout-92ef7b19 wp-block-group-is-layout-constrained\">\n<div class=\"wp-block-group has-mono-4-background-color has-background has-global-padding is-layout-constrained wp-container-core-group-is-layout-fd644edd wp-block-group-is-layout-constrained\" style=\"margin-top:var(--wp--preset--spacing--superbspacing-small);margin-bottom:var(--wp--preset--spacing--superbspacing-small);padding-top:var(--wp--preset--spacing--superbspacing-small);padding-right:var(--wp--preset--spacing--superbspacing-medium);padding-bottom:var(--wp--preset--spacing--superbspacing-small);padding-left:var(--wp--preset--spacing--superbspacing-medium)\">\n<figure class=\"wp-block-image size-full is-resized wp-duotone-dark-grayscale\"><img loading=\"lazy\" decoding=\"async\" width=\"220\" height=\"220\" src=\"https:\/\/luxeintegration.com\/wp-content\/uploads\/2026\/02\/efefef.png\" alt=\"\" class=\"wp-image-346\" style=\"object-fit:cover;width:61px;height:auto\" srcset=\"https:\/\/luxeintegration.com\/wp-content\/uploads\/2026\/02\/efefef.png 220w, https:\/\/luxeintegration.com\/wp-content\/uploads\/2026\/02\/efefef-150x150.png 150w\" sizes=\"auto, (max-width: 220px) 100vw, 220px\" \/><\/figure>\n\n\n\n<h3 class=\"wp-block-heading has-text-align-left has-mono-1-color has-text-color has-link-color has-superbfont-medium-font-size wp-elements-ac1d36bd285f3afdc527a47c707b5b2a\" style=\"margin-top:0;margin-bottom:0\">R\u00e9seau<\/h3>\n\n\n\n<p class=\"has-text-align-left has-mono-2-color has-text-color has-superbfont-xsmall-font-size\" style=\"margin-top:var(--wp--preset--spacing--superbspacing-xxsmall);margin-bottom:0\">Un r\u00e9seau fiable n\u2019est pas un luxe, c\u2019est une exigence.<\/p>\n\n\n\n<p class=\"has-text-align-left has-mono-2-color has-text-color has-superbfont-xsmall-font-size\" style=\"margin-top:var(--wp--preset--spacing--superbspacing-xxsmall);margin-bottom:0\">Nous concevons des architectures num\u00e9riques robustes, stables et \u00e9volutives, dimensionn\u00e9es pour les environnements les plus exigeants.<br>Connectivit\u00e9 sans faille, couverture homog\u00e8ne, cybers\u00e9curit\u00e9 ma\u00eetris\u00e9e : l\u2019infrastructure devient invisible, mais essentielle.<\/p>\n<\/div>\n<\/div>\n\n\n\n<div class=\"wp-block-group has-global-padding is-layout-constrained wp-container-core-group-is-layout-92ef7b19 wp-block-group-is-layout-constrained\">\n<div class=\"wp-block-group has-mono-4-background-color has-background has-global-padding is-layout-constrained wp-container-core-group-is-layout-fd644edd wp-block-group-is-layout-constrained\" style=\"margin-top:var(--wp--preset--spacing--superbspacing-small);margin-bottom:var(--wp--preset--spacing--superbspacing-small);padding-top:var(--wp--preset--spacing--superbspacing-small);padding-right:var(--wp--preset--spacing--superbspacing-medium);padding-bottom:var(--wp--preset--spacing--superbspacing-small);padding-left:var(--wp--preset--spacing--superbspacing-medium)\">\n<figure class=\"wp-block-image size-full is-resized wp-duotone-dark-grayscale\"><img loading=\"lazy\" decoding=\"async\" width=\"196\" height=\"196\" src=\"https:\/\/luxeintegration.com\/wp-content\/uploads\/2026\/02\/fvdfv-edited.png\" alt=\"\" class=\"wp-image-352\" style=\"object-fit:cover;width:59px;height:auto\" srcset=\"https:\/\/luxeintegration.com\/wp-content\/uploads\/2026\/02\/fvdfv-edited.png 196w, https:\/\/luxeintegration.com\/wp-content\/uploads\/2026\/02\/fvdfv-edited-150x150.png 150w\" sizes=\"auto, (max-width: 196px) 100vw, 196px\" \/><\/figure>\n\n\n\n<h3 class=\"wp-block-heading has-text-align-left has-mono-1-color has-text-color has-link-color has-superbfont-medium-font-size wp-elements-e8ed41a1c8d534bfb0efc920ae062c28\" style=\"margin-top:0;margin-bottom:0\">Home-cin\u00e9ma<\/h3>\n\n\n\n<p class=\"has-text-align-left has-mono-2-color has-text-color has-superbfont-xsmall-font-size\" style=\"margin-top:var(--wp--preset--spacing--superbspacing-xxsmall);margin-bottom:0\">Une pi\u00e8ce devient salle.<br>Une projection devient spectacle.<\/p>\n\n\n\n<p class=\"has-text-align-left has-mono-2-color has-text-color has-superbfont-xsmall-font-size\" style=\"margin-top:var(--wp--preset--spacing--superbspacing-xxsmall);margin-bottom:0\">Nous cr\u00e9ons des espaces immersifs o\u00f9 image, son et confort architectural fusionnent.<br>Acoustique \u00e9tudi\u00e9e, projection de r\u00e9f\u00e9rence, assises et \u00e9clairages sc\u00e9naris\u00e9s : le cin\u00e9ma n\u2019est plus simplement regard\u00e9, il est v\u00e9cu.<\/p>\n<\/div>\n<\/div>\n\n\n\n<div class=\"wp-block-group has-global-padding is-layout-constrained wp-container-core-group-is-layout-92ef7b19 wp-block-group-is-layout-constrained\">\n<div class=\"wp-block-group has-mono-4-background-color has-background has-global-padding is-layout-constrained wp-container-core-group-is-layout-fd644edd wp-block-group-is-layout-constrained\" style=\"margin-top:var(--wp--preset--spacing--superbspacing-small);margin-bottom:var(--wp--preset--spacing--superbspacing-small);padding-top:var(--wp--preset--spacing--superbspacing-small);padding-right:var(--wp--preset--spacing--superbspacing-medium);padding-bottom:var(--wp--preset--spacing--superbspacing-small);padding-left:var(--wp--preset--spacing--superbspacing-medium)\">\n<figure class=\"wp-block-image size-full is-resized wp-duotone-dark-grayscale\"><img loading=\"lazy\" decoding=\"async\" width=\"166\" height=\"264\" src=\"https:\/\/luxeintegration.com\/wp-content\/uploads\/2026\/02\/ezfezfzf.png\" alt=\"\" class=\"wp-image-347\" style=\"aspect-ratio:0.6289458010720667;object-fit:cover;width:47px;height:auto\"\/><\/figure>\n\n\n\n<h3 class=\"wp-block-heading has-text-align-left has-mono-1-color has-text-color has-link-color has-superbfont-medium-font-size wp-elements-035d4545ddede2ecc5379a9add138c4b\" style=\"margin-top:0;margin-bottom:0\">Electricit\u00e9<\/h3>\n\n\n\n<p class=\"has-text-align-left has-mono-2-color has-text-color has-superbfont-xsmall-font-size\" style=\"margin-top:var(--wp--preset--spacing--superbspacing-xxsmall);margin-bottom:0\">Toute installation d\u2019exception repose sur une base irr\u00e9prochable.<\/p>\n\n\n\n<p class=\"has-text-align-left has-mono-2-color has-text-color has-superbfont-xsmall-font-size\" style=\"margin-top:var(--wp--preset--spacing--superbspacing-xxsmall);margin-bottom:0\">Nous assurons une distribution \u00e9lectrique structur\u00e9e, stable et pens\u00e9e pour durer.<br>Tableaux optimis\u00e9s, protections adapt\u00e9es, \u00e9volutivit\u00e9 anticip\u00e9e : une fondation technique solide, indispensable \u00e0 la performance globale du projet.<\/p>\n<\/div>\n<\/div>\n<\/div>\n","protected":false},"excerpt":{"rendered":"<p>Notre savoir-faire \u00c9l\u00e9gance in\u00e9gal\u00e9e Luxe Int\u00e9gration accompagne depuis plus de cinq ans des architectes d\u2019excellence en r\u00e9alisant des installations \u00e0 l\u2019\u00e9l\u00e9gance in\u00e9gal\u00e9e. Au service de l\u2019innovation, o\u00f9 la technologie \u00e9pouse le design. Domotique Nous orchestrons l\u2019habitat pour qu\u2019il anticipe vos usages, s\u2019adapte \u00e0 vos rythmes et s\u2019efface derri\u00e8re l\u2019exp\u00e9rience.Lumi\u00e8re, confort thermique, occultations, s\u00e9curit\u00e9 et multim\u00e9dia [&hellip;]<\/p>\n","protected":false},"author":1,"featured_media":0,"parent":0,"menu_order":0,"comment_status":"closed","ping_status":"closed","template":"","meta":{"footnotes":""},"class_list":["post-323","page","type-page","status-publish","hentry"],"_links":{"self":[{"href":"https:\/\/luxeintegration.com\/index.php\/wp-json\/wp\/v2\/pages\/323","targetHints":{"allow":["GET"]}}],"collection":[{"href":"https:\/\/luxeintegration.com\/index.php\/wp-json\/wp\/v2\/pages"}],"about":[{"href":"https:\/\/luxeintegration.com\/index.php\/wp-json\/wp\/v2\/types\/page"}],"author":[{"embeddable":true,"href":"https:\/\/luxeintegration.com\/index.php\/wp-json\/wp\/v2\/users\/1"}],"replies":[{"embeddable":true,"href":"https:\/\/luxeintegration.com\/index.php\/wp-json\/wp\/v2\/comments?post=323"}],"version-history":[{"count":5,"href":"https:\/\/luxeintegration.com\/index.php\/wp-json\/wp\/v2\/pages\/323\/revisions"}],"predecessor-version":[{"id":410,"href":"https:\/\/luxeintegration.com\/index.php\/wp-json\/wp\/v2\/pages\/323\/revisions\/410"}],"wp:attachment":[{"href":"https:\/\/luxeintegration.com\/index.php\/wp-json\/wp\/v2\/media?parent=323"}],"curies":[{"name":"wp","href":"https:\/\/api.w.org\/{rel}","templated":true}]}}