{"id":322,"date":"2026-02-20T16:29:28","date_gmt":"2026-02-20T15:29:28","guid":{"rendered":"https:\/\/luxeintegration.com\/?page_id=322"},"modified":"2026-02-27T16:54:13","modified_gmt":"2026-02-27T15:54:13","slug":"qui","status":"publish","type":"page","link":"https:\/\/luxeintegration.com\/index.php\/qui\/","title":{"rendered":"QUI ?"},"content":{"rendered":"\n<div class=\"wp-block-group alignfull column-parent-border-radius has-global-padding is-layout-constrained wp-container-core-group-is-layout-dbc5e894 wp-block-group-is-layout-constrained\" style=\"margin-top:0;margin-bottom:0;padding-top:var(--wp--preset--spacing--superbspacing-small);padding-right:var(--wp--preset--spacing--superbspacing-small);padding-bottom:var(--wp--preset--spacing--superbspacing-small);padding-left:var(--wp--preset--spacing--superbspacing-small)\">\n<div class=\"wp-block-group alignwide has-global-padding is-layout-constrained wp-container-core-group-is-layout-58b2f4d9 wp-block-group-is-layout-constrained\">\n<h3 class=\"wp-block-heading has-text-align-center has-primary-color has-text-color has-superbfont-small-font-size\">Nos clients<\/h3>\n\n\n\n<h2 class=\"wp-block-heading has-text-align-center has-contrast-color has-text-color has-superbfont-xlarge-font-size\">Excellence et confiance<\/h2>\n\n\n\n<p class=\"has-text-align-center has-mono-2-color has-text-color has-superbfont-small-font-size\">Luxe Int\u00e9gration collabore avec des acteurs d\u2019exception : propri\u00e9taires de r\u00e9sidences, entreprises et \u00e9tablissements h\u00f4teliers de prestige.<br>Nous adaptons notre expertise \u00e0 chaque projet, en respectant l\u2019architecture, le design et l\u2019exp\u00e9rience unique de nos clients.<\/p>\n<\/div>\n\n\n\n<div class=\"wp-block-columns is-layout-flex wp-container-core-columns-is-layout-28f84493 wp-block-columns-is-layout-flex\">\n<div class=\"wp-block-column has-primary-background-color has-background is-layout-flow wp-block-column-is-layout-flow\" style=\"padding-top:var(--wp--preset--spacing--superbspacing-small);padding-right:var(--wp--preset--spacing--superbspacing-small);padding-bottom:var(--wp--preset--spacing--superbspacing-small);padding-left:var(--wp--preset--spacing--superbspacing-small)\">\n<div class=\"wp-block-columns is-layout-flex wp-container-core-columns-is-layout-28f84493 wp-block-columns-is-layout-flex\">\n<div class=\"wp-block-column is-layout-flow wp-block-column-is-layout-flow\" style=\"flex-basis:100%\">\n<figure class=\"wp-block-image size-full is-resized wp-duotone-ffffff-ffffff-1\"><img loading=\"lazy\" decoding=\"async\" width=\"584\" height=\"514\" src=\"https:\/\/luxeintegration.com\/wp-content\/uploads\/2026\/02\/house.png\" alt=\"\" class=\"wp-image-394\" style=\"aspect-ratio:1.1362737959013836;object-fit:cover;width:58px;height:auto\" srcset=\"https:\/\/luxeintegration.com\/wp-content\/uploads\/2026\/02\/house.png 584w, https:\/\/luxeintegration.com\/wp-content\/uploads\/2026\/02\/house-300x264.png 300w\" sizes=\"auto, (max-width: 584px) 100vw, 584px\" \/><\/figure>\n<\/div>\n<\/div>\n\n\n\n<div style=\"height:56px\" aria-hidden=\"true\" class=\"wp-block-spacer\"><\/div>\n\n\n\n<h3 class=\"wp-block-heading has-mono-4-color has-text-color has-link-color has-superbfont-medium-font-size wp-elements-7c7739931ff4d2aff17cceaa1fd878eb\" style=\"margin-top:0;margin-bottom:0\">R\u00e9sidentiel<\/h3>\n\n\n\n<p class=\"has-mono-4-color has-text-color has-superbfont-xsmall-font-size\" style=\"margin-top:var(--wp--preset--spacing--superbspacing-xxsmall);margin-bottom:0\">Nous accompagnons les propri\u00e9taires de r\u00e9sidences d\u2019exception, villas et appartements haut de gamme. Chaque projet est con\u00e7u sur mesure pour allier confort, esth\u00e9tique et technologie invisible, fid\u00e8le \u00e0 l\u2019esprit Luxe Int\u00e9gration.<\/p>\n<\/div>\n\n\n\n<div class=\"wp-block-column has-primary-background-color has-background is-layout-flow wp-block-column-is-layout-flow\" style=\"padding-top:var(--wp--preset--spacing--superbspacing-small);padding-right:var(--wp--preset--spacing--superbspacing-small);padding-bottom:var(--wp--preset--spacing--superbspacing-small);padding-left:var(--wp--preset--spacing--superbspacing-small)\">\n<div class=\"wp-block-columns is-layout-flex wp-container-core-columns-is-layout-28f84493 wp-block-columns-is-layout-flex\">\n<div class=\"wp-block-column is-layout-flow wp-block-column-is-layout-flow\" style=\"flex-basis:100%\">\n<figure class=\"wp-block-image size-full is-resized wp-duotone-ffffff-ffffff-2\"><img loading=\"lazy\" decoding=\"async\" width=\"352\" height=\"572\" src=\"https:\/\/luxeintegration.com\/wp-content\/uploads\/2026\/02\/building.png\" alt=\"\" class=\"wp-image-395\" style=\"aspect-ratio:0.6154149529550961;object-fit:cover;width:31px;height:auto\" srcset=\"https:\/\/luxeintegration.com\/wp-content\/uploads\/2026\/02\/building.png 352w, https:\/\/luxeintegration.com\/wp-content\/uploads\/2026\/02\/building-185x300.png 185w\" sizes=\"auto, (max-width: 352px) 100vw, 352px\" \/><\/figure>\n<\/div>\n<\/div>\n\n\n\n<div style=\"height:57px\" aria-hidden=\"true\" class=\"wp-block-spacer\"><\/div>\n\n\n\n<h3 class=\"wp-block-heading has-mono-4-color has-text-color has-link-color has-superbfont-medium-font-size wp-elements-17158431eb05d6767d61019d5f45d717\" style=\"margin-top:0;margin-bottom:0\">Tertiaire<\/h3>\n\n\n\n<p class=\"has-mono-4-color has-text-color has-superbfont-xsmall-font-size\" style=\"margin-top:var(--wp--preset--spacing--superbspacing-xxsmall);margin-bottom:0\">Nous collaborons avec des bureaux, si\u00e8ges sociaux et espaces de travail premium pour cr\u00e9er des environnements technologiques \u00e0 la fois efficaces et raffin\u00e9s. La domotique et l\u2019audiovisuel deviennent des outils de productivit\u00e9 et de prestige.<\/p>\n<\/div>\n\n\n\n<div class=\"wp-block-column has-primary-background-color has-background is-layout-flow wp-block-column-is-layout-flow\" style=\"padding-top:var(--wp--preset--spacing--superbspacing-small);padding-right:var(--wp--preset--spacing--superbspacing-small);padding-bottom:var(--wp--preset--spacing--superbspacing-small);padding-left:var(--wp--preset--spacing--superbspacing-small)\">\n<div class=\"wp-block-columns is-layout-flex wp-container-core-columns-is-layout-28f84493 wp-block-columns-is-layout-flex\">\n<div class=\"wp-block-column is-layout-flow wp-block-column-is-layout-flow\" style=\"flex-basis:100%\">\n<figure class=\"wp-block-image size-full is-resized wp-duotone-ffffff-ffffff-3\"><img loading=\"lazy\" decoding=\"async\" width=\"999\" height=\"426\" src=\"https:\/\/luxeintegration.com\/wp-content\/uploads\/2026\/02\/house.lodge_.png\" alt=\"\" class=\"wp-image-396\" style=\"aspect-ratio:2.345501395748336;object-fit:cover;width:77px;height:auto\" srcset=\"https:\/\/luxeintegration.com\/wp-content\/uploads\/2026\/02\/house.lodge_.png 999w, https:\/\/luxeintegration.com\/wp-content\/uploads\/2026\/02\/house.lodge_-300x128.png 300w, https:\/\/luxeintegration.com\/wp-content\/uploads\/2026\/02\/house.lodge_-768x327.png 768w\" sizes=\"auto, (max-width: 999px) 100vw, 999px\" \/><\/figure>\n<\/div>\n<\/div>\n\n\n\n<div style=\"height:74px\" aria-hidden=\"true\" class=\"wp-block-spacer\"><\/div>\n\n\n\n<h3 class=\"wp-block-heading has-mono-4-color has-text-color has-link-color has-superbfont-medium-font-size wp-elements-3f6f418caadebc8b9b86c8b7feaf685a\" style=\"margin-top:0;margin-bottom:0\">H\u00f4tellerie<\/h3>\n\n\n\n<p class=\"has-mono-4-color has-text-color has-superbfont-xsmall-font-size\" style=\"margin-top:var(--wp--preset--spacing--superbspacing-xxsmall);margin-bottom:0\">Nous intervenons dans des \u00e9tablissements de luxe pour offrir aux clients une exp\u00e9rience sensorielle unique : automatisation, audiovisuel, s\u00e9curit\u00e9 et confort s\u2019int\u00e8grent pour sublimer chaque s\u00e9jour.<br>Chaque espace devient un lieu d\u2019exception, pens\u00e9 pour impressionner et fid\u00e9liser.<\/p>\n<\/div>\n<\/div>\n<\/div>\n","protected":false},"excerpt":{"rendered":"<p>Nos clients Excellence et confiance Luxe Int\u00e9gration collabore avec des acteurs d\u2019exception : propri\u00e9taires de r\u00e9sidences, entreprises et \u00e9tablissements h\u00f4teliers de prestige.Nous adaptons notre expertise \u00e0 chaque projet, en respectant l\u2019architecture, le design et l\u2019exp\u00e9rience unique de nos clients. R\u00e9sidentiel Nous accompagnons les propri\u00e9taires de r\u00e9sidences d\u2019exception, villas et appartements haut de gamme. Chaque projet [&hellip;]<\/p>\n","protected":false},"author":1,"featured_media":0,"parent":0,"menu_order":0,"comment_status":"closed","ping_status":"closed","template":"","meta":{"footnotes":""},"class_list":["post-322","page","type-page","status-publish","hentry"],"_links":{"self":[{"href":"https:\/\/luxeintegration.com\/index.php\/wp-json\/wp\/v2\/pages\/322","targetHints":{"allow":["GET"]}}],"collection":[{"href":"https:\/\/luxeintegration.com\/index.php\/wp-json\/wp\/v2\/pages"}],"about":[{"href":"https:\/\/luxeintegration.com\/index.php\/wp-json\/wp\/v2\/types\/page"}],"author":[{"embeddable":true,"href":"https:\/\/luxeintegration.com\/index.php\/wp-json\/wp\/v2\/users\/1"}],"replies":[{"embeddable":true,"href":"https:\/\/luxeintegration.com\/index.php\/wp-json\/wp\/v2\/comments?post=322"}],"version-history":[{"count":6,"href":"https:\/\/luxeintegration.com\/index.php\/wp-json\/wp\/v2\/pages\/322\/revisions"}],"predecessor-version":[{"id":408,"href":"https:\/\/luxeintegration.com\/index.php\/wp-json\/wp\/v2\/pages\/322\/revisions\/408"}],"wp:attachment":[{"href":"https:\/\/luxeintegration.com\/index.php\/wp-json\/wp\/v2\/media?parent=322"}],"curies":[{"name":"wp","href":"https:\/\/api.w.org\/{rel}","templated":true}]}}